{"id":17317,"date":"2024-01-24T11:30:14","date_gmt":"2024-01-24T10:30:14","guid":{"rendered":"https:\/\/showindustrial.com\/?post_type=product&#038;p=17317"},"modified":"2024-01-26T12:51:17","modified_gmt":"2024-01-26T11:51:17","slug":"vernis-parquet-a-laigua-satinat","status":"publish","type":"product","link":"https:\/\/showindustrial.com\/ca\/producte\/vernis-parquet-a-laigua-satinat\/","title":{"rendered":"Vern\u00eds Parquet a l&#8217;Aigua Satinat"},"content":{"rendered":"<p><strong><span style=\"vertical-align: inherit;\">Descripci\u00f3<\/span><\/strong><br \/>\n<span style=\"vertical-align: inherit;\"> Vern\u00eds aqu\u00f3s d&#8217;acabat per a interiors (parquet\/mobles).<\/span><\/p>\n<p><strong><span style=\"vertical-align: inherit;\">Propietats<\/span><\/strong><br \/>\n<span style=\"vertical-align: inherit;\"> Excel\u00b7lent duresa rendiment i facilitat daplicaci\u00f3, <\/span><br \/>\n<span style=\"vertical-align: inherit;\">presenta un acabat daspecte lacat de luxe, \u00e9s rentable, incolor, el\u00e0stic i transparent, oferint una gran <\/span><br \/>\n<span style=\"vertical-align: inherit;\">resist\u00e8ncia als frecs, ratllats, productes de neteja, <\/span><br \/>\n<span style=\"vertical-align: inherit;\">taques de licor etc.<\/span><\/p>\n<p><strong><span style=\"vertical-align: inherit;\">Aplicacions<\/span><\/strong><br \/>\n<span style=\"vertical-align: inherit;\"> Per envernissar tot tipus de superf\u00edcies de fusta en interiors, com ara mobles, portes, armaris, parquet, etc.<\/span><\/p>\n<p><strong><span style=\"vertical-align: inherit;\">Caracter\u00edstiques T\u00e8cniques<\/span><\/strong><br \/>\n<span style=\"vertical-align: inherit;\"> \u00b7 Acabat: Setinat. <\/span><br \/>\n<span style=\"vertical-align: inherit;\">\u00b7 Anivellaci\u00f3: Excel\u00b7lent. <\/span><br \/>\n<span style=\"vertical-align: inherit;\">\u00b7 Adher\u00e8ncia: Bona. <\/span><br \/>\n<span style=\"vertical-align: inherit;\">\u00b7 Brotxabilitat: Bona. <\/span><br \/>\n<span style=\"vertical-align: inherit;\">\u00b7 Assecat: 2 hores. <\/span><br \/>\n<span style=\"vertical-align: inherit;\">\u00b7 Repintat: 18 &#8211; 24 hores. <\/span><br \/>\n<span style=\"vertical-align: inherit;\">\u00b7 Viscositat: 35 \u00b1 5\u201d F-4 (Copa Ford no 4) a 23 \u00b1 8oC (ASTM D-1200). Densitat: 1,04 \u00b1 <\/span><br \/>\n<span style=\"vertical-align: inherit;\">0,05 gr\/cc (UNE-EN-ISO 2811-1 i 2). <\/span><br \/>\n<span style=\"vertical-align: inherit;\">\u00b7 Rendiment: 10 &#8211; 12 m2\/lt. per capa. <\/span><br \/>\n<span style=\"vertical-align: inherit;\">\u00b7 Duresa: Excel\u00b7lent. <\/span><br \/>\n<span style=\"vertical-align: inherit;\">\u00b7 Resist\u00e8ncia al fregueu: Excel\u00b7lent. <\/span><br \/>\n<span style=\"vertical-align: inherit;\">\u00b7 Estabilitat en env\u00e0s: M\u00e9s d&#8217;un any en env\u00e0s original tancat. Estris: Neteja <\/span><br \/>\n<span style=\"vertical-align: inherit;\">amb aigua.<\/span><\/p>\n<p><strong><span style=\"vertical-align: inherit;\">Homologacions i Assajos<\/span><\/strong><br \/>\n<span style=\"vertical-align: inherit;\"> Homologaci\u00f3: Reacci\u00f3 al foc, norma UNE-EN 13501-1:07+A1:2010, classes europees: <\/span><br \/>\n<span style=\"vertical-align: inherit;\">B, S2, d0.<\/span><\/p>\n<p><strong><span style=\"vertical-align: inherit;\">Preparaci\u00f3 de Superf\u00edcies<\/span><\/strong><br \/>\n<span style=\"vertical-align: inherit;\"> \u00b7 Fusta nova: Despr\u00e9s d&#8217;estar asseca la fusta, escatar-la b\u00e9 i eliminar la pols. <\/span><br \/>\n<span style=\"vertical-align: inherit;\">\u00b7 Fusta envernissada: Si el vern\u00eds est\u00e0 en bon estat, escatar suaument i eliminar la pols; <\/span><br \/>\n<span style=\"vertical-align: inherit;\">Si el vern\u00eds est\u00e0 en mal estat, eliminar-lo amb baranes i procedir com en una <\/span><br \/>\n<span style=\"vertical-align: inherit;\">fusta nova.<\/span><\/p>\n<p><strong><span style=\"vertical-align: inherit;\">\u00das<\/span><\/strong><br \/>\n<span style=\"vertical-align: inherit;\"> \u00b7 Fusta nova en interiors: Aplicar una m\u00e0 de Vern\u00eds Parquet a l&#8217;Aigua Satinat per <\/span><br \/>\n<span style=\"vertical-align: inherit;\">segellar la fusta, esperar 4 hores, llimar lleugerament i aplicar dues mans de Vern\u00eds Parquet <\/span><br \/>\n<span style=\"vertical-align: inherit;\">a l&#8217;Aigua Satinat. <\/span><br \/>\n<span style=\"vertical-align: inherit;\">Brotxa 0-10%, corr\u00f3 0-10%, pistola 0-10% d&#8217;aigua. <\/span><br \/>\n<span style=\"vertical-align: inherit;\">\u00b7 Fusta envernissada en bon estat: un cop escatada i neta, aplicar <\/span><br \/>\n<span style=\"vertical-align: inherit;\">dues mans de Vern\u00eds Parquet a l&#8217;Aigua Satinat com en els casos anteriors. <\/span><br \/>\n<span style=\"vertical-align: inherit;\">\u00b7 Fusta envernissada en mal estat: una vegada decapada i neta procedir com en fusta <\/span><br \/>\n<span style=\"vertical-align: inherit;\">nova.<\/span><\/p>\n<p><strong><span style=\"vertical-align: inherit;\">Recomanacions<\/span><\/strong><br \/>\n<span style=\"vertical-align: inherit;\"> Remenar el contingut de l&#8217;env\u00e0s fins a homogene\u00eftzar el producte. <\/span><br \/>\n<span style=\"vertical-align: inherit;\">Despr\u00e9s de fer servir , tapar l&#8217;env\u00e0s procurant deixar poca c\u00e0mera d&#8217;aire, si s&#8217;ha de trigar <\/span><br \/>\n<span style=\"vertical-align: inherit;\">molt de temps a utilitzar de nou.<\/span><\/p>\n<p><strong><span style=\"vertical-align: inherit;\">Presentaci\u00f3<\/span><\/strong><br \/>\n<span style=\"vertical-align: inherit;\"> En envasos de 750 ml i 4 litres.<\/span><\/p>\n<p><strong><span style=\"vertical-align: inherit;\">Emmagatzematge<\/span><\/strong><br \/>\n<span style=\"vertical-align: inherit;\"> Temps d&#8217;emmagatzematge m\u00e0xim recomanat: 12 mesos en el seu env\u00e0s original ben <\/span><br \/>\n<span style=\"vertical-align: inherit;\">tancat i arrecerat de la intemp\u00e8rie (a cobert i temperatura entre 5 i 35\u00baC).<\/span><\/p>\n<p><strong><span style=\"vertical-align: inherit;\">Informaci\u00f3 de seguretat<\/span><\/strong><br \/>\n<span style=\"vertical-align: inherit;\"> \u00c9s imprescindible seguir les instruccions de l&#8217;etiqueta de l&#8217;env\u00e0s. Per a m\u00e9s informaci\u00f3 <\/span><br \/>\n<span style=\"vertical-align: inherit;\">consulteu el full de seguretat del producte.<\/span><\/p>\n","protected":false},"excerpt":{"rendered":"<p>Descripci\u00f3 Vern\u00eds aqu\u00f3s d&#8217;acabat per a interiors (parquet\/mobles). Propietats Excel\u00b7lent duresa rendiment i facilitat daplicaci\u00f3, presenta un acabat daspecte lacat de luxe, \u00e9s rentable, incolor, el\u00e0stic i transparent, oferint una gran resist\u00e8ncia als frecs, ratllats, productes de neteja, taques de licor etc. Aplicacions Per envernissar tot tipus de superf\u00edcies de fusta en interiors, com ara &#8230; <a title=\"Vern\u00eds Parquet a l&#8217;Aigua Satinat\" class=\"read-more\" href=\"https:\/\/showindustrial.com\/ca\/producte\/vernis-parquet-a-laigua-satinat\/\" aria-label=\"M\u00e9s informaci\u00f3 sobre Vern\u00eds Parquet a l&#8217;Aigua Satinat\">Llegiu m\u00e9s<\/a><\/p>\n","protected":false},"featured_media":17313,"comment_status":"open","ping_status":"closed","template":"","meta":[],"product_cat":[90],"product_tag":[],"_links":{"self":[{"href":"https:\/\/showindustrial.com\/ca\/wp-json\/wp\/v2\/product\/17317"}],"collection":[{"href":"https:\/\/showindustrial.com\/ca\/wp-json\/wp\/v2\/product"}],"about":[{"href":"https:\/\/showindustrial.com\/ca\/wp-json\/wp\/v2\/types\/product"}],"replies":[{"embeddable":true,"href":"https:\/\/showindustrial.com\/ca\/wp-json\/wp\/v2\/comments?post=17317"}],"version-history":[{"count":2,"href":"https:\/\/showindustrial.com\/ca\/wp-json\/wp\/v2\/product\/17317\/revisions"}],"predecessor-version":[{"id":17321,"href":"https:\/\/showindustrial.com\/ca\/wp-json\/wp\/v2\/product\/17317\/revisions\/17321"}],"wp:featuredmedia":[{"embeddable":true,"href":"https:\/\/showindustrial.com\/ca\/wp-json\/wp\/v2\/media\/17313"}],"wp:attachment":[{"href":"https:\/\/showindustrial.com\/ca\/wp-json\/wp\/v2\/media?parent=17317"}],"wp:term":[{"taxonomy":"product_cat","embeddable":true,"href":"https:\/\/showindustrial.com\/ca\/wp-json\/wp\/v2\/product_cat?post=17317"},{"taxonomy":"product_tag","embeddable":true,"href":"https:\/\/showindustrial.com\/ca\/wp-json\/wp\/v2\/product_tag?post=17317"}],"curies":[{"name":"wp","href":"https:\/\/api.w.org\/{rel}","templated":true}]}}