{"id":17302,"date":"2024-01-24T11:03:19","date_gmt":"2024-01-24T10:03:19","guid":{"rendered":"https:\/\/showindustrial.com\/?post_type=product&#038;p=17302"},"modified":"2024-01-26T12:51:22","modified_gmt":"2024-01-26T11:51:22","slug":"barnilac-satinat-vernis-laca-poliureta-homologat","status":"publish","type":"product","link":"https:\/\/showindustrial.com\/ca\/producte\/barnilac-satinat-vernis-laca-poliureta-homologat\/","title":{"rendered":"Barnilac Satinat Vern\u00eds Laca Poliuret\u00e0 Homologat"},"content":{"rendered":"<p><strong><span style=\"vertical-align: inherit;\">Descripci\u00f3<\/span><\/strong><br \/>\n<span style=\"vertical-align: inherit;\"> Vern\u00eds laca amb poliuret\u00e0 d&#8217;acabat setinat seda per a interiors i per a exteriors a superf\u00edcies cobertes.<\/span><\/p>\n<p><strong><span style=\"vertical-align: inherit;\">Propietats<\/span><\/strong><br \/>\n<span style=\"vertical-align: inherit;\"> Excel\u00b7lent duresa, rendiment i facilitat daplicaci\u00f3. <\/span><br \/>\n<span style=\"vertical-align: inherit;\">Presenta un acabat setinat d&#8217;aspecte lacat de luxe, <\/span><br \/>\n<span style=\"vertical-align: inherit;\">\u00e9s rentable, incolor, el\u00e0stic i transparent, oferint <\/span><br \/>\n<span style=\"vertical-align: inherit;\">una gran resist\u00e8ncia a les friccions, ratllats, productes de neteja, taques de licor, etc.<\/span><\/p>\n<p><strong><span style=\"vertical-align: inherit;\">Aplicacions<\/span><\/strong><br \/>\n<span style=\"vertical-align: inherit;\"> Per a l&#8217;envernissament de tot tipus de superf\u00edcies de fusta en interiors i exteriors coberts, com ara mobles, portes, armaris etc.<\/span><\/p>\n<p><strong><span style=\"vertical-align: inherit;\">Caracter\u00edstiques T\u00e8cniques<\/span><\/strong><br \/>\n<span style=\"vertical-align: inherit;\"> \u00b7 Acabat: Setinat. <\/span><br \/>\n<span style=\"vertical-align: inherit;\">\u00b7 Anivellaci\u00f3: Excel\u00b7lent. <\/span><br \/>\n<span style=\"vertical-align: inherit;\">\u00b7 Adher\u00e8ncia: Bona. <\/span><br \/>\n<span style=\"vertical-align: inherit;\">\u00b7 Brotxabilitat: Bona. <\/span><br \/>\n<span style=\"vertical-align: inherit;\">\u00b7 Assecat: 2 h 45&#8242; \u00b1 1 hora a 25 \u00b1 8\u00baC. <\/span><br \/>\n<span style=\"vertical-align: inherit;\">\u00b7 Repintat: 18 &#8211; 24 hores. <\/span><br \/>\n<span style=\"vertical-align: inherit;\">\u00b7 Viscositat: 120 \u00b1 35\u201d F-4 (Copa Ford no4) a 25 \u00b1 8oC (ASTM D-1200). Densitat: 0,95 \u00b1 <\/span><br \/>\n<span style=\"vertical-align: inherit;\">0,10 gr\/cc (UNE-EN-ISO 2811-1 i 2). <\/span><br \/>\n<span style=\"vertical-align: inherit;\">\u00b7 Rendiment: 13 &#8211; 16 m2\/lt. <\/span><br \/>\n<span style=\"vertical-align: inherit;\">\u00b7 Duresa: Excel\u00b7lent. <\/span><br \/>\n<span style=\"vertical-align: inherit;\">\u00b7 Resist\u00e8ncia al fregueu: Excel\u00b7lent. <\/span><br \/>\n<span style=\"vertical-align: inherit;\">\u00b7 Estabilitat en env\u00e0s: M\u00e9s d&#8217;un any en env\u00e0s original tancat. Estris: Neteja amb <\/span><br \/>\n<span style=\"vertical-align: inherit;\">Dissolvent per a Esmalts, Dissolvent Neteja o Dissolvent Universal.<\/span><\/p>\n<p><strong><span style=\"vertical-align: inherit;\">Homologacions i Assajos<\/span><\/strong><br \/>\n<span style=\"vertical-align: inherit;\"> Homologaci\u00f3: Reacci\u00f3 al foc, norma UNE-EN 13501-1:07+A1:2010, classes europees: <\/span><br \/>\n<span style=\"vertical-align: inherit;\">B, S2, d0.<\/span><\/p>\n<p><strong><span style=\"vertical-align: inherit;\">Preparaci\u00f3 de Superf\u00edcies<\/span><\/strong><br \/>\n<span style=\"vertical-align: inherit;\"> \u00b7 Fusta nova: Despr\u00e9s d&#8217;estar asseca la fusta, escatar-la b\u00e9 i eliminar la pols. <\/span><br \/>\n<span style=\"vertical-align: inherit;\">\u00b7 Fusta envernissada: Si el vern\u00eds est\u00e0 en bon estat, escatar suaument i eliminar la pols. Si el vern\u00eds est\u00e0 en mal estat, eliminar-lo amb baranes i procedir com en una <\/span><br \/>\n<span style=\"vertical-align: inherit;\">fusta nova.<\/span><\/p>\n<p><strong><span style=\"vertical-align: inherit;\">Utilitzaci\u00f3<\/span><\/strong><br \/>\n<span style=\"vertical-align: inherit;\"> \u00b7 Fusta nova en interiors: Aplicar una m\u00e0 del nostre Aquafond (tapaporus) o del <\/span><br \/>\n<span style=\"vertical-align: inherit;\">nostre Poliuret\u00e0 Fons 799 (tapaporus poliuret\u00e0) per segellar la fusta. Despr\u00e9s <\/span><br \/>\n<span style=\"vertical-align: inherit;\">aplicar dues mans de Barnilac. Producte llest a l\u00fas. <\/span><br \/>\n<span style=\"vertical-align: inherit;\">\u00b7 Fusta nova en exteriors no exposada al sol ni a la pluja: Aplicar una m\u00e0 del nostre <\/span><br \/>\n<span style=\"vertical-align: inherit;\">Poliuret\u00e0 Fons 799 (tapaporus poliuret\u00e0) per segellar la fusta. Despr\u00e9s aplicar dues <\/span><br \/>\n<span style=\"vertical-align: inherit;\">mans de Barnilac com en fusta per a interiors. <\/span><br \/>\n<span style=\"vertical-align: inherit;\">\u00b7 Fusta envernissada en bon estat: Un cop escatada i neta, aplicar sobre superf\u00edcies reescalfades dues mans de Barnilac com en els casos anteriors. <\/span><br \/>\n<span style=\"vertical-align: inherit;\">\u00b7 Fusta envernissada en mal estat: Un cop decapada i neta procedir com en fusta <\/span><br \/>\n<span style=\"vertical-align: inherit;\">nova. Aplicar el producte a capes primes i respectant els temps de repintat.<\/span><\/p>\n<p><strong><span style=\"vertical-align: inherit;\">Recomanacions<\/span><\/strong><br \/>\n<span style=\"vertical-align: inherit;\"> No aplicar sobre superf\u00edcies escalfades. <\/span><br \/>\n<span style=\"vertical-align: inherit;\">Remenar el contingut de l&#8217;env\u00e0s fins a homogene\u00eftzar el producte. <\/span><br \/>\n<span style=\"vertical-align: inherit;\">Despr\u00e9s de fer servir, tapar l&#8217;env\u00e0s procurant deixar poca c\u00e0mera d&#8217;aire, si s&#8217;ha de trigar <\/span><br \/>\n<span style=\"vertical-align: inherit;\">molt de temps a utilitzar de nou.<\/span><\/p>\n<p><strong><span style=\"vertical-align: inherit;\">Presentaci\u00f3<\/span><\/strong><br \/>\n<span style=\"vertical-align: inherit;\"> Disponible en mida 250 ml, 750 ml i 4 litres.<\/span><\/p>\n<p><strong><span style=\"vertical-align: inherit;\">Emmagatzematge<\/span><\/strong><br \/>\n<span style=\"vertical-align: inherit;\"> Temps d&#8217;emmagatzematge m\u00e0xim recomanat: 12 mesos en el seu env\u00e0s original ben <\/span><br \/>\n<span style=\"vertical-align: inherit;\">tancat i arrecerat de la intemp\u00e8rie (a cobert i temperatura entre 5 i 35\u00baC).<\/span><\/p>\n<p><strong><span style=\"vertical-align: inherit;\">Informaci\u00f3 de seguretat<\/span><\/strong><br \/>\n<span style=\"vertical-align: inherit;\"> \u00c9s imprescindible seguir les instruccions de l&#8217;etiqueta de l&#8217;env\u00e0s. Per a m\u00e9s informaci\u00f3 <\/span><br \/>\n<span style=\"vertical-align: inherit;\">consulteu el full de seguretat del producte.<\/span><\/p>\n","protected":false},"excerpt":{"rendered":"<p>Descripci\u00f3 Vern\u00eds laca amb poliuret\u00e0 d&#8217;acabat setinat seda per a interiors i per a exteriors a superf\u00edcies cobertes. Propietats Excel\u00b7lent duresa, rendiment i facilitat daplicaci\u00f3. Presenta un acabat setinat d&#8217;aspecte lacat de luxe, \u00e9s rentable, incolor, el\u00e0stic i transparent, oferint una gran resist\u00e8ncia a les friccions, ratllats, productes de neteja, taques de licor, etc. Aplicacions &#8230; <a title=\"Barnilac Satinat Vern\u00eds Laca Poliuret\u00e0 Homologat\" class=\"read-more\" href=\"https:\/\/showindustrial.com\/ca\/producte\/barnilac-satinat-vernis-laca-poliureta-homologat\/\" aria-label=\"M\u00e9s informaci\u00f3 sobre Barnilac Satinat Vern\u00eds Laca Poliuret\u00e0 Homologat\">Llegiu m\u00e9s<\/a><\/p>\n","protected":false},"featured_media":17298,"comment_status":"open","ping_status":"closed","template":"","meta":[],"product_cat":[90],"product_tag":[],"_links":{"self":[{"href":"https:\/\/showindustrial.com\/ca\/wp-json\/wp\/v2\/product\/17302"}],"collection":[{"href":"https:\/\/showindustrial.com\/ca\/wp-json\/wp\/v2\/product"}],"about":[{"href":"https:\/\/showindustrial.com\/ca\/wp-json\/wp\/v2\/types\/product"}],"replies":[{"embeddable":true,"href":"https:\/\/showindustrial.com\/ca\/wp-json\/wp\/v2\/comments?post=17302"}],"version-history":[{"count":1,"href":"https:\/\/showindustrial.com\/ca\/wp-json\/wp\/v2\/product\/17302\/revisions"}],"predecessor-version":[{"id":17303,"href":"https:\/\/showindustrial.com\/ca\/wp-json\/wp\/v2\/product\/17302\/revisions\/17303"}],"wp:featuredmedia":[{"embeddable":true,"href":"https:\/\/showindustrial.com\/ca\/wp-json\/wp\/v2\/media\/17298"}],"wp:attachment":[{"href":"https:\/\/showindustrial.com\/ca\/wp-json\/wp\/v2\/media?parent=17302"}],"wp:term":[{"taxonomy":"product_cat","embeddable":true,"href":"https:\/\/showindustrial.com\/ca\/wp-json\/wp\/v2\/product_cat?post=17302"},{"taxonomy":"product_tag","embeddable":true,"href":"https:\/\/showindustrial.com\/ca\/wp-json\/wp\/v2\/product_tag?post=17302"}],"curies":[{"name":"wp","href":"https:\/\/api.w.org\/{rel}","templated":true}]}}