{"id":17276,"date":"2024-01-24T10:53:10","date_gmt":"2024-01-24T09:53:10","guid":{"rendered":"https:\/\/showindustrial.com\/?post_type=product&#038;p=17276"},"modified":"2024-01-26T12:51:33","modified_gmt":"2024-01-26T11:51:33","slug":"blatem-emalt-acrilic-a-laigua-ignifug","status":"publish","type":"product","link":"https:\/\/showindustrial.com\/ca\/producte\/blatem-emalt-acrilic-a-laigua-ignifug\/","title":{"rendered":"Blatem Emalt Acr\u00edlic a l&#8217;Aigua Ign\u00edfug"},"content":{"rendered":"<p><strong><span style=\"vertical-align: inherit;\">Descripci\u00f3<\/span><\/strong><br \/>\n<span style=\"vertical-align: inherit;\"> Esmalt acr\u00edlic a l&#8217;aigua d&#8217;alta qualitat, per a \u00fas a tota <\/span><br \/>\n<span style=\"vertical-align: inherit;\">mena de superf\u00edcies d&#8217;interiors i exteriors.<\/span><\/p>\n<p><strong><span style=\"vertical-align: inherit;\">Propietats<\/span><\/strong><br \/>\n<span style=\"vertical-align: inherit;\"> Elevada resist\u00e8ncia a la intemp\u00e8rie, rendiment, cobriment, flexibilitat i duresa, de f\u00e0cil aplicaci\u00f3.<\/span><\/p>\n<p><strong><span style=\"vertical-align: inherit;\">Aplicacions<\/span><\/strong><br \/>\n<span style=\"vertical-align: inherit;\"> Per decorar i protegir tota mena de superf\u00edcies de fusta, paleta i ferro degudament preparades en interiors i exteriors sobre portes, finestres, radiadors, parets, <\/span><br \/>\n<span style=\"vertical-align: inherit;\">mobles, etc. <\/span><br \/>\n<span style=\"vertical-align: inherit;\">Caracter\u00edstiques T\u00e8cniques <\/span><br \/>\n<span style=\"vertical-align: inherit;\">\u00b7 Acabat: Setinat, Brillantor, Mat i Metalitzat. <\/span><br \/>\n<span style=\"vertical-align: inherit;\">\u00b7 Anivellaci\u00f3: Excel\u00b7lent. <\/span><br \/>\n<span style=\"vertical-align: inherit;\">\u00b7 Adher\u00e8ncia: Excel\u00b7lent. <\/span><br \/>\n<span style=\"vertical-align: inherit;\">\u00b7 Duresa: Excel\u00b7lent. <\/span><br \/>\n<span style=\"vertical-align: inherit;\">\u00b7 Elasticitat: Bona. <\/span><br \/>\n<span style=\"vertical-align: inherit;\">\u00b7 Enganxositat: Nul\u00b7la. <\/span><br \/>\n<span style=\"vertical-align: inherit;\">\u00b7 Finura: 7,5 \u00b1 1 HG (graus Hegman) (UNE-EN-ISO 1524). Viscositat: 100 \u00b1 15 UK (unitats Krebs) a 25 \u00b1 10oC (UNE 48-076). Densitat: 1,25 \u00b1 0,15 g\/cc (UNE-EN-ISO 2811-1). <\/span><br \/>\n<span style=\"vertical-align: inherit;\">\u00b7 Resist\u00e8ncia al frec humit: Classe 1 (UNE-EN 13.300). Assecat: 40-60 minuts. <\/span><br \/>\n<span style=\"vertical-align: inherit;\">\u00b7 Repintat: 6-8 hores. <\/span><br \/>\n<span style=\"vertical-align: inherit;\">\u00b7 Brotxabilitat: Bona. <\/span><br \/>\n<span style=\"vertical-align: inherit;\">\u00b7 Cobriment: Bona. Rendiment: 12-16 m2\/Lt. <\/span><br \/>\n<span style=\"vertical-align: inherit;\">\u00b7 Colors: Blanc. <\/span><br \/>\n<span style=\"vertical-align: inherit;\">\u00b7 Estris: Neteja amb aigua. <\/span><br \/>\n<span style=\"vertical-align: inherit;\">\u00b7 Conservaci\u00f3: Fins a un any en env\u00e0s original tancat. No inflamable. <\/span><br \/>\n<span style=\"vertical-align: inherit;\">\u00b7 COV: 2004\/42\/II A (d) (150\/130) Max.COVS :109 g\/l.<\/span><\/p>\n<p><strong><span style=\"vertical-align: inherit;\">Homologacions i Assajos<\/span><\/strong><br \/>\n<span style=\"vertical-align: inherit;\"> \u00b7 Reacci\u00f3 al foc, norma UNE-EN 13501-1:07+A1:2010, classes europees: A2, S1, d0. <\/span><br \/>\n<span style=\"vertical-align: inherit;\">\u00b7 Seguretat de les joguines (nom\u00e9s en setinat), part 3.EN 71:1994\/3(+A1:2001+AC:2002).<\/span><\/p>\n<p><strong><span style=\"vertical-align: inherit;\">Preparaci\u00f3 de Superf\u00edcies<\/span><\/strong><br \/>\n<span style=\"vertical-align: inherit;\"> \u00b7 Noves: Si s\u00f3n de fusta o de guix aplicar pr\u00e8viament 1 o 2 mans d&#8217;imprimaci\u00f3 <\/span><br \/>\n<span style=\"vertical-align: inherit;\">Segelladora i polir suaument. Si la superf\u00edcie \u00e9s de ferro, donar pr\u00e8viament una m\u00e0 de <\/span><br \/>\n<span style=\"vertical-align: inherit;\">Mini Antioxidant o de Blatprimer Antioxidant. <\/span><br \/>\n<span style=\"vertical-align: inherit;\">\u00b7 Pintades: Si estan en bon estat, rentar, polir suaument i aplicar directament Blatem Acrylic.<\/span><\/p>\n<p><span style=\"vertical-align: inherit;\">Si estan en mal estat, eliminar totalment les pintures velles, emplastar els desperfectes i procedir com a les superf\u00edcies noves.<\/span><\/p>\n<p><strong><span style=\"vertical-align: inherit;\">Utilitzaci\u00f3<\/span><\/strong><br \/>\n<span style=\"vertical-align: inherit;\"> Sobre superf\u00edcies degudament preparades s&#8217;aplica a brotxa, corr\u00f3 o pistola. La dissoluci\u00f3 amb aigua \u00e9s: Per a brotxa o corr\u00f3 del 10% aproximadament i per a pistola del 20 <\/span><br \/>\n<span style=\"vertical-align: inherit;\">% aproximadament.<\/span><\/p>\n<p><strong><span style=\"vertical-align: inherit;\">Recomanacions<\/span><\/strong><br \/>\n<span style=\"vertical-align: inherit;\"> Remenar el contingut de l&#8217;env\u00e0s. No pintar amb temps pluj\u00f3s, ni amb temperatures inferiors a 5\u00baC. <\/span><br \/>\n<span style=\"vertical-align: inherit;\">Renteu els utensilis amb aigua immediatament despr\u00e9s del seu \u00fas.<\/span><\/p>\n<p><strong><span style=\"vertical-align: inherit;\">Presentaci\u00f3<\/span><\/strong><br \/>\n<span style=\"vertical-align: inherit;\"> En env\u00e0s de: 250 ml, 750 ml i 4 litres.<\/span><\/p>\n<p><strong><span style=\"vertical-align: inherit;\">Emmagatzematge<\/span><\/strong><br \/>\n<span style=\"vertical-align: inherit;\"> Temps d&#8217;emmagatzematge m\u00e0xim recomanat: 12 mesos en el seu env\u00e0s original ben <\/span><br \/>\n<span style=\"vertical-align: inherit;\">tancat i arrecerat de la intemp\u00e8rie (a cobert i temperatura 5 i 35\u00baC).<\/span><\/p>\n<p><strong><span style=\"vertical-align: inherit;\">Informaci\u00f3 de seguretat<\/span><\/strong><br \/>\n<span style=\"vertical-align: inherit;\"> \u00c9s imprescindible seguir les instruccions de l&#8217;etiqueta de l&#8217;env\u00e0s. Per a m\u00e9s informaci\u00f3 consulteu el full de seguretat del producte.<\/span><\/p>\n","protected":false},"excerpt":{"rendered":"<p>Descripci\u00f3 Esmalt acr\u00edlic a l&#8217;aigua d&#8217;alta qualitat, per a \u00fas a tota mena de superf\u00edcies d&#8217;interiors i exteriors. Propietats Elevada resist\u00e8ncia a la intemp\u00e8rie, rendiment, cobriment, flexibilitat i duresa, de f\u00e0cil aplicaci\u00f3. Aplicacions Per decorar i protegir tota mena de superf\u00edcies de fusta, paleta i ferro degudament preparades en interiors i exteriors sobre portes, finestres, &#8230; <a title=\"Blatem Emalt Acr\u00edlic a l&#8217;Aigua Ign\u00edfug\" class=\"read-more\" href=\"https:\/\/showindustrial.com\/ca\/producte\/blatem-emalt-acrilic-a-laigua-ignifug\/\" aria-label=\"M\u00e9s informaci\u00f3 sobre Blatem Emalt Acr\u00edlic a l&#8217;Aigua Ign\u00edfug\">Llegiu m\u00e9s<\/a><\/p>\n","protected":false},"featured_media":17270,"comment_status":"open","ping_status":"closed","template":"","meta":[],"product_cat":[90],"product_tag":[],"_links":{"self":[{"href":"https:\/\/showindustrial.com\/ca\/wp-json\/wp\/v2\/product\/17276"}],"collection":[{"href":"https:\/\/showindustrial.com\/ca\/wp-json\/wp\/v2\/product"}],"about":[{"href":"https:\/\/showindustrial.com\/ca\/wp-json\/wp\/v2\/types\/product"}],"replies":[{"embeddable":true,"href":"https:\/\/showindustrial.com\/ca\/wp-json\/wp\/v2\/comments?post=17276"}],"version-history":[{"count":2,"href":"https:\/\/showindustrial.com\/ca\/wp-json\/wp\/v2\/product\/17276\/revisions"}],"predecessor-version":[{"id":19016,"href":"https:\/\/showindustrial.com\/ca\/wp-json\/wp\/v2\/product\/17276\/revisions\/19016"}],"wp:featuredmedia":[{"embeddable":true,"href":"https:\/\/showindustrial.com\/ca\/wp-json\/wp\/v2\/media\/17270"}],"wp:attachment":[{"href":"https:\/\/showindustrial.com\/ca\/wp-json\/wp\/v2\/media?parent=17276"}],"wp:term":[{"taxonomy":"product_cat","embeddable":true,"href":"https:\/\/showindustrial.com\/ca\/wp-json\/wp\/v2\/product_cat?post=17276"},{"taxonomy":"product_tag","embeddable":true,"href":"https:\/\/showindustrial.com\/ca\/wp-json\/wp\/v2\/product_tag?post=17276"}],"curies":[{"name":"wp","href":"https:\/\/api.w.org\/{rel}","templated":true}]}}