{"id":17213,"date":"2024-01-23T14:03:20","date_gmt":"2024-01-23T13:03:20","guid":{"rendered":"https:\/\/showindustrial.com\/?post_type=product&#038;p=17213"},"modified":"2024-01-26T19:18:40","modified_gmt":"2024-01-26T18:18:40","slug":"blatemdelfin-antisalpicado-2","status":"publish","type":"product","link":"https:\/\/showindustrial.com\/ca\/producte\/blatemdelfin-antisalpicado-2\/","title":{"rendered":"Blatemdelf\u00edn Antisalpicat"},"content":{"rendered":"<p><strong>Descripci\u00f3<\/strong><br \/>\nPintura pl\u00e0stica mat d&#8217;excel\u00b7lent cobriment per a interiors i exteriors, excepte fa\u00e7anes, formulada amb la m\u00e9s<br \/>\navan\u00e7ada tecnologia en copol\u00edmers acr\u00edlics, estirenats en emulsi\u00f3 i amb pigments i c\u00e0rregues de m\u00e0xima<br \/>\nqualitat.<br \/>\nIgn\u00edfuga.<\/p>\n<p><strong>Propietats<\/strong><br \/>\nExcel\u00b7lent cobriment i adher\u00e8ncia, aix\u00ed com molt bones<br \/>\npropietats daplicaci\u00f3, rendiment i resist\u00e8ncia al frec en humit.<\/p>\n<p><strong>Aplicacions<\/strong><br \/>\nPel pintat d&#8217;interiors i exteriors, excepte fa\u00e7anes, sobre guix, ciment, ma\u00f3,<br \/>\nfibrociment, etc. quan es vulgui oferir una excel\u00b7lent pintura en interiors amb un<br \/>\nmolt bon balan\u00e7 compensat en propietats t\u00e8cniques.<\/p>\n<p><strong>Caracter\u00edstiques T\u00e8cniques<\/strong><br \/>\n\u00b7 Aspecte: Llis i mat.<br \/>\n\u00b7 Blancor : excel\u00b7lent.<br \/>\n\u00b7 Lavabilitat: 1300\u00b1 300 PSD.(Dobles passades)Normes DIN 53.778 I UNEIX 48284.<br \/>\n\u00b7 Adher\u00e8ncia : Excel\u00b7lent.<br \/>\n\u00b7 Finura : 6,5 \u00b1 1 HG.(Graus Hegman) (UNE-EN-ISO 1524).<br \/>\n\u00b7 Repintat: 4-6 hores.<br \/>\n\u00b7 Viscositat: 115 \u00b1 15 U.K.(Unitats Krebs)a 25o\u00b1 10oC (UNE 48-076). Densitat: 1,63 \u00b1<br \/>\n0,10 gr\/cc (UNE-EN-ISO 2811-1).<br \/>\n\u00b7 Cobriment: Extraordinari.<br \/>\n\u00b7 Rendiment: 8-12 m2\/ l, i m\u00e0.<br \/>\n\u00b7 Assecat: 30 a 60 minuts.<br \/>\n\u00b7 Estris: Neteja amb aigua.<br \/>\n\u00b7 Estabilitat en env\u00e0s : Fins a un any en env\u00e0s original tancat.\ufffc\ufffc\ufffc\ufffc\ufffc<br \/>\n\u00b7 No inflamable<\/p>\n<p><strong>Homologacions i Assajos<\/strong><br \/>\nReacci\u00f3 al foc, norma UNE-EN 13501-1:07+A1:2010, classes europees: A2, S1, d0.<\/p>\n<p><strong>Preparaci\u00f3 de Superf\u00edcies<\/strong><\/p>\n<p>\u00b7 Noves: Eliminar les parts soltes, tapar esquerdes, etc.<br \/>\n\u00b7 Pintades: Amb tremp o cal\u00e7, eliminar pr\u00e8viament. Amb pintura, eliminar les parts a<br \/>\nmal estat.<\/p>\n<p><strong>Utilitzaci\u00f3<\/strong><br \/>\nAplicar una primera m\u00e0 rebaixada amb un 15-25% daigua potable i una segona m\u00e0<br \/>\namb un 5-15% aproximadament s&#8217;aplica a brotxa, corr\u00f3 o pistola.<br \/>\nSi la superf\u00edcie presenta problemes d&#8217;adher\u00e8ncia, fondejar pr\u00e8viament amb el FIXADOR ACR\u00cdLIC o FIXADOR al DISSOLVENT.<\/p>\n<p><strong>Recomanacions<\/strong><br \/>\nNo pintar amb temps pluj\u00f3s ni amb temperatures inferiors als 5\u00baC. Remenar el contingut de l&#8217;env\u00e0s.<br \/>\nNo renteu la superf\u00edcie pintada fins passats 20 dies.<\/p>\n<p><strong>Presentaci\u00f3<\/strong><br \/>\nEn envasos de 750 ml, 4 L, 12 L, 15 L.<\/p>\n<p><strong>Emmagatzematge<\/strong><br \/>\nTemps d&#8217;emmagatzematge m\u00e0xim recomanat: 12 mesos en el seu env\u00e0s original b\u00e9<br \/>\ntancat i arrecerat de la intemp\u00e8rie (a cobert i temperatura entre 5 i 35\u00baC).<\/p>\n<p><strong>Informaci\u00f3 de Seguretat<\/strong><br \/>\nCal seguir les instruccions de l&#8217;etiqueta de l&#8217;env\u00e0s. Per a m\u00e9s informaci\u00f3<br \/>\nconsultar el full de seguretat del producte.<\/p>\n","protected":false},"excerpt":{"rendered":"<p>Descripci\u00f3 Pintura pl\u00e0stica mat d&#8217;excel\u00b7lent cobriment per a interiors i exteriors, excepte fa\u00e7anes, formulada amb la m\u00e9s avan\u00e7ada tecnologia en copol\u00edmers acr\u00edlics, estirenats en emulsi\u00f3 i amb pigments i c\u00e0rregues de m\u00e0xima qualitat. Ign\u00edfuga. Propietats Excel\u00b7lent cobriment i adher\u00e8ncia, aix\u00ed com molt bones propietats daplicaci\u00f3, rendiment i resist\u00e8ncia al frec en humit. Aplicacions Pel pintat &#8230; <a title=\"Blatemdelf\u00edn Antisalpicat\" class=\"read-more\" href=\"https:\/\/showindustrial.com\/ca\/producte\/blatemdelfin-antisalpicado-2\/\" aria-label=\"M\u00e9s informaci\u00f3 sobre Blatemdelf\u00edn Antisalpicat\">Llegiu m\u00e9s<\/a><\/p>\n","protected":false},"featured_media":17214,"comment_status":"open","ping_status":"closed","template":"","meta":[],"product_cat":[90],"product_tag":[],"_links":{"self":[{"href":"https:\/\/showindustrial.com\/ca\/wp-json\/wp\/v2\/product\/17213"}],"collection":[{"href":"https:\/\/showindustrial.com\/ca\/wp-json\/wp\/v2\/product"}],"about":[{"href":"https:\/\/showindustrial.com\/ca\/wp-json\/wp\/v2\/types\/product"}],"replies":[{"embeddable":true,"href":"https:\/\/showindustrial.com\/ca\/wp-json\/wp\/v2\/comments?post=17213"}],"version-history":[{"count":3,"href":"https:\/\/showindustrial.com\/ca\/wp-json\/wp\/v2\/product\/17213\/revisions"}],"predecessor-version":[{"id":17260,"href":"https:\/\/showindustrial.com\/ca\/wp-json\/wp\/v2\/product\/17213\/revisions\/17260"}],"wp:featuredmedia":[{"embeddable":true,"href":"https:\/\/showindustrial.com\/ca\/wp-json\/wp\/v2\/media\/17214"}],"wp:attachment":[{"href":"https:\/\/showindustrial.com\/ca\/wp-json\/wp\/v2\/media?parent=17213"}],"wp:term":[{"taxonomy":"product_cat","embeddable":true,"href":"https:\/\/showindustrial.com\/ca\/wp-json\/wp\/v2\/product_cat?post=17213"},{"taxonomy":"product_tag","embeddable":true,"href":"https:\/\/showindustrial.com\/ca\/wp-json\/wp\/v2\/product_tag?post=17213"}],"curies":[{"name":"wp","href":"https:\/\/api.w.org\/{rel}","templated":true}]}}