{"id":18700,"date":"2024-02-11T23:50:43","date_gmt":"2024-02-11T22:50:43","guid":{"rendered":"https:\/\/showindustrial.com\/politica-de-privacidad\/"},"modified":"2024-02-12T00:54:36","modified_gmt":"2024-02-11T23:54:36","slug":"politica-de-privacitat","status":"publish","type":"page","link":"https:\/\/showindustrial.com\/ca\/politica-de-privacitat\/","title":{"rendered":"Pol\u00edtica de Privacitat"},"content":{"rendered":"\n<p>La visita a aquest lloc web no implica que lusuari estigui obligat a facilitar cap informaci\u00f3. En cas que l&#8217;usuari faciliti alguna informaci\u00f3 de car\u00e0cter personal, les dades recollides en aquest lloc web seran tractades de forma lleial i l\u00edcita amb subjecci\u00f3 en tot moment als principis i drets recollits al Reglament (UE) 2016\/679, de 27 d&#8217;abril, General de Protecci\u00f3 de Dades (RGPD) i la resta de normativa aplicable.<\/p>\n\n\n\n<p>En compliment del que disposa l&#8217;article 13 del RGPD t&#8217;informem del seg\u00fcent:<\/p>\n\n\n\n<h2 class=\"wp-block-heading\"><strong>Responsable<\/strong><\/h2>\n\n\n\n<p>FRANCISCO JAVIER SEGURANYES GUILLOT (en adelante, SHOW INDUSTRIAL)<\/p>\n\n\n\n<h2 class=\"wp-block-heading\"><strong>Qu\u00e8 fem amb les teves dades?<\/strong><\/h2>\n\n\n\n<p>&#8211; Apartat &#8220;Formulari de Contacte&#8221;<br>Recollirem dades per tal de gestionar el centre de suport de SHOW INDUSTRIAL i el contacte amb el client via email per tal de poder atendre la vostra petici\u00f3.<\/p>\n\n\n\n<p>&#8211; Informaci\u00f3 recollida orientada a millores web<br>Per millorar els nostres serveis i la compra on-line estem analitzant el portal de SHOW INDUSTRIAL i la navegaci\u00f3 correcta de l&#8217;usuari. Aquesta informaci\u00f3 ser\u00e0 confidencial i \u00fanicament ser\u00e0 utilitzada per millorar la seguretat i funcionament de la nostra botiga on-line i per a fins estad\u00edstiques.<\/p>\n\n\n\n<h2 class=\"wp-block-heading\"><strong>Base jur\u00eddica dels tractaments<\/strong><\/h2>\n\n\n\n<p>Per al registre, la compra i la gesti\u00f3 de les garanties basarem el tractament de les dades en l&#8217;execuci\u00f3 del contracte de compra o en el marc de la relaci\u00f3 precontractual.<\/p>\n\n\n\n<p>Per a l&#8217;enviament d&#8217;informaci\u00f3 comercial basarem el tractament en el seu consentiment encara que si ja sou client podrem enviar-vos informaci\u00f3 sobre productes similars proporcionant-vos sempre un mitj\u00e0 senzill i gratu\u00eft per donar-vos de baixa.<\/p>\n\n\n\n<p>El consentiment aqu\u00ed prestat pel Titular per a comunicaci\u00f3 de dades a tercers t\u00e9 car\u00e0cter revocable en tot moment, sense efectes retroactius.<\/p>\n\n\n\n<h2 class=\"wp-block-heading\"><strong>Destinataris<\/strong><\/h2>\n\n\n\n<p>Amb motiu de la compra les vostres dades poden ser comunicades als destinataris seg\u00fcents:<\/p>\n\n\n\n<ul>\n<li>Entitats banc\u00e0ries per al pagament de les compres mitjan\u00e7ant targeta i\/o estudi de finan\u00e7ament de compres i obtenci\u00f3 de cr\u00e8dits al consum.<\/li>\n\n\n\n<li>A l&#8217;Oficina de consumidors i usuaris en cas que hi hagi alguna reclamaci\u00f3.<\/li>\n\n\n\n<li>En els sup\u00f2sits legalment establerts, com \u00e9s el cas de les forces i cossos de seguretat.<\/li>\n\n\n\n<li>A les administracions p\u00fabliques a qu\u00e8 haguem de facilitar informaci\u00f3 amb motiu del compliment de les nostres obligacions legals.<\/li>\n<\/ul>\n\n\n\n<p>MOSTRA INDUSTRIAL assegura la confidencialitat de les dades aportades i garanteix que, en cap cas, seran cedides per a cap altre \u00fas sense mediar consentiment previ i expr\u00e9s dels nostres clients. Nom\u00e9s us demanarem aquelles dades necess\u00e0ries per a la prestaci\u00f3 del servei requerit i \u00fanicament seran utilitzades per a aquest fi.<\/p>\n\n\n\n<h2 class=\"wp-block-heading\"><strong>Drets dels interessats<\/strong><\/h2>\n\n\n\n<p>L&#8217;interessat t\u00e9 els drets seg\u00fcents:<\/p>\n\n\n\n<ul>\n<li>Podreu sol\u00b7licitar informaci\u00f3 sobre les dades de car\u00e0cter personal emmagatzemades que us concerneixin (acc\u00e9s)<\/li>\n\n\n\n<li>Podreu sol\u00b7licitar que es corregeixi la inexactitud de les vostres dades personals. (rectificaci\u00f3)<\/li>\n\n\n\n<li>Podreu sol\u00b7licitar l&#8217;eliminaci\u00f3 o limitaci\u00f3 del tractament de les vostres dades personals i (supressi\u00f3 i limitaci\u00f3)<\/li>\n\n\n\n<li>Tamb\u00e9 podreu sol\u00b7licitar que se us posin a disposici\u00f3 les vostres dades personals en un format estructurat, corrent i de lectura mec\u00e0nica.(portabilitat)<\/li>\n<\/ul>\n\n\n\n<p>Per fer-ho, us heu d&#8217;adre\u00e7ar per escrit adjuntant una c\u00f2pia del DNI o document que us identifiqui, a trav\u00e9s del nostre formulari o al correu electr\u00f2nic show@showindustrial.com. SHOW INDUSTRIAL.<\/p>\n\n\n\n<p>L&#8217;interessat tamb\u00e9 t\u00e9 dret a presentar una reclamaci\u00f3 davant de les autoritats de protecci\u00f3 de dades (Ag\u00e8ncia Espanyola de Protecci\u00f3 de Dades). No obstant aix\u00f2, qualsevol q\u00fcesti\u00f3 relacionada amb les dades us convidem a contactar amb nosaltres per solucionar-la.<\/p>\n\n\n\n<h2 class=\"wp-block-heading\"><strong>Protecci\u00f3 de dades<\/strong><\/h2>\n\n\n\n<p>Per a qualsevol q\u00fcesti\u00f3 relacionada amb les vostres dades personals. Podeu contactar a trav\u00e9s de l&#8217;adre\u00e7a show@showindustrial.com<\/p>\n\n\n\n<h2 class=\"wp-block-heading\"><strong>Qualitat de les dades<\/strong><\/h2>\n\n\n\n<p>Els usuaris hauran de garantir la veracitat, exactitud, autenticitat i vig\u00e8ncia de les dades de car\u00e0cter personal que els hagin estat recollides.<\/p>\n\n\n\n<h2 class=\"wp-block-heading\"><strong>Protecci\u00f3 dels menors<\/strong><\/h2>\n\n\n\n<p>No recollim dades personals de menors. \u00c9s responsabilitat del pare\/mare\/tutor legal vetllar per a la privadesa dels menors, fent tot el possible per assegurar que han autoritzat la recollida i l&#8217;\u00fas de les dades personals del menor.<\/p>\n\n\n\n<h2 class=\"wp-block-heading\"><strong>Xarxes Socials<\/strong><\/h2>\n\n\n\n<p>A trav\u00e9s de la nostra p\u00e0gina web podeu accedir a les xarxes socials Instagram i\/o TikTok d&#8217;acc\u00e9s obert a tots els usuaris. Es tracta de llocs web on l&#8217;usuari es pot registrar i seguir gratu\u00eftament. En aquestes xarxes socials els usuaris podran con\u00e8ixer les nostres activitats, opinions, accedir a les fotos i v\u00eddeos. Els usuaris d&#8217;aquestes xarxes socials han de ser conscients que aquest lloc \u00e9s independent de la web www.showindustrial.com i est\u00e0 obert, \u00e9s a dir, \u00e9s visible per a tots els usuaris, i les pol\u00edtiques de privadesa a aplicar a aquests continguts s\u00f3n les fixades per Facebook, Twitter o Youtube. SHOW INDUSTRIAL no \u00e9s titular de les xarxes socials<\/p>\n","protected":false},"excerpt":{"rendered":"<p>La visita a aquest lloc web no implica que lusuari estigui obligat a facilitar cap informaci\u00f3. En cas que l&#8217;usuari faciliti alguna informaci\u00f3 de car\u00e0cter personal, les dades recollides en aquest lloc web seran tractades de forma lleial i l\u00edcita amb subjecci\u00f3 en tot moment als principis i drets recollits al Reglament (UE) 2016\/679, de &#8230; <a title=\"Pol\u00edtica de Privacitat\" class=\"read-more\" href=\"https:\/\/showindustrial.com\/ca\/politica-de-privacitat\/\" aria-label=\"M\u00e9s informaci\u00f3 sobre Pol\u00edtica de Privacitat\">Llegiu m\u00e9s<\/a><\/p>\n","protected":false},"author":1,"featured_media":0,"parent":0,"menu_order":0,"comment_status":"closed","ping_status":"closed","template":"","meta":{"footnotes":""},"_links":{"self":[{"href":"https:\/\/showindustrial.com\/ca\/wp-json\/wp\/v2\/pages\/18700"}],"collection":[{"href":"https:\/\/showindustrial.com\/ca\/wp-json\/wp\/v2\/pages"}],"about":[{"href":"https:\/\/showindustrial.com\/ca\/wp-json\/wp\/v2\/types\/page"}],"author":[{"embeddable":true,"href":"https:\/\/showindustrial.com\/ca\/wp-json\/wp\/v2\/users\/1"}],"replies":[{"embeddable":true,"href":"https:\/\/showindustrial.com\/ca\/wp-json\/wp\/v2\/comments?post=18700"}],"version-history":[{"count":2,"href":"https:\/\/showindustrial.com\/ca\/wp-json\/wp\/v2\/pages\/18700\/revisions"}],"predecessor-version":[{"id":18727,"href":"https:\/\/showindustrial.com\/ca\/wp-json\/wp\/v2\/pages\/18700\/revisions\/18727"}],"wp:attachment":[{"href":"https:\/\/showindustrial.com\/ca\/wp-json\/wp\/v2\/media?parent=18700"}],"curies":[{"name":"wp","href":"https:\/\/api.w.org\/{rel}","templated":true}]}}