{"id":18698,"date":"2024-02-11T23:46:19","date_gmt":"2024-02-11T22:46:19","guid":{"rendered":"https:\/\/showindustrial.com\/aviso-legal\/"},"modified":"2024-02-12T00:27:44","modified_gmt":"2024-02-11T23:27:44","slug":"avis-legal","status":"publish","type":"page","link":"https:\/\/showindustrial.com\/ca\/avis-legal\/","title":{"rendered":"Av\u00eds Legal"},"content":{"rendered":"\n<h2 class=\"wp-block-heading\"><strong>Dades identificatives<\/strong><\/h2>\n\n\n\n<p>En compliment amb el deure informaci\u00f3 recollit a l&#8217;article 10 de la Llei 34\/2002, d&#8217;11 de juliol, de Serveis de la Societat de la Informaci\u00f3, us informem:<\/p>\n\n\n\n<ul>\n<li>F. J. SEGURANYES GUILLOT &#8211; 40419036D<\/li>\n\n\n\n<li>C\/ GRECIA, 23, 17600, FIGUERES<\/li>\n\n\n\n<li>SHOW INDUSTRIAL \u00e9s un nom comercial.<\/li>\n\n\n\n<li>Distribuci\u00f3 de productes per a la construcci\u00f3.<\/li>\n\n\n\n<li>Email de contacte: show@showindustrial.com<\/li>\n<\/ul>\n\n\n\n<h2 class=\"wp-block-heading\"><strong>Usuaris<\/strong><\/h2>\n\n\n\n<p>L&#8217;acc\u00e9s i\/o \u00fas d&#8217;aquest portal atribueix la condici\u00f3 d&#8217;USUARI, que accepta, des d&#8217;aquest acc\u00e9s i\/o \u00fas, les Condicions Generals d&#8217;\u00fas reflectides aqu\u00ed. Les condicions esmentades s\u00f3n aplicables independentment de les condicions generals de contractaci\u00f3 que, si s&#8217;escau, resultin de compliment obligat.<\/p>\n\n\n\n<h2 class=\"wp-block-heading\"><strong>\u00das del portal<\/strong><\/h2>\n\n\n\n<p>www.showindustrial.com proporciona l&#8217;acc\u00e9s a productes, informacions, serveis, programes o dades (d&#8217;ara endavant, &#8220;els continguts&#8221;) a Internet pertanyents a SHOW INDUSTRIAL, oa tercers a qu\u00e8 l&#8217;USUARI pot tenir acc\u00e9s. L\u00b4USUARI assumeix la responsabilitat de l\u00b4\u00fas del portal. Aquesta responsabilitat s&#8217;est\u00e9n al registre necessari per accedir a determinats serveis o continguts. En aquest registre, l&#8217;USUARI ser\u00e0 responsable d&#8217;aportar informaci\u00f3 vera\u00e7 i l\u00edcita. Com a conseq\u00fc\u00e8ncia d&#8217;aquest registre, a l&#8217;USUARI se li pot proporcionar una contrasenya de la qual ser\u00e0 responsable, comprometent-se a fer-ne un \u00fas diligent i confidencial. L&#8217;USUARI es compromet a fer un \u00fas adequat dels continguts i serveis que SHOW INDUSTRIAL ofereix a trav\u00e9s del seu portal i amb car\u00e0cter enunciatiu per\u00f2 no limitatiu, a no fer-los servir per:<\/p>\n\n\n\n<ul>\n<li>Inc\u00f3rrer en activitats il\u00b7l\u00edcites, il\u00b7legals o contr\u00e0ries a la bona fe i l&#8217;ordre p\u00fablic.<\/li>\n\n\n\n<li>Difondre continguts o propaganda de car\u00e0cter racista, xen\u00f2fob, pornogr\u00e0fic il\u00b7legal, d&#8217;apologia del terrorisme o atemptatori contra els drets humans.<\/li>\n\n\n\n<li>Provocar danys als sistemes f\u00edsics i l\u00f2gics de SHOW INDUSTRIAL, dels seus prove\u00efdors o de terceres persones, introduir o difondre a la xarxa virus inform\u00e0tics o qualssevol altres sistemes f\u00edsics o l\u00f2gics que siguin susceptibles de provocar els danys anteriorment esmentats;<\/li>\n\n\n\n<li>Intentar accedir i, si escau, utilitzar els comptes de correu electr\u00f2nic daltres usuaris i modificar o manipular els seus missatges.<\/li>\n<\/ul>\n\n\n\n<h2 class=\"wp-block-heading\"><strong>Propietat Intel\u00b7lectual i Industrial<\/strong><\/h2>\n\n\n\n<ol>\n<li>Tots els signes distintius, marques, noms comercials, continguts, estructura, disseny i forma de presentaci\u00f3 dels elements i qualsevol altra informaci\u00f3 que aparegui en aquest lloc web s\u00f3n propietat de SHOW INDUSTRIAL per si mateix o com a cession\u00e0ria i estan protegits pels drets de propietat industrial i intel\u00b7lectual.<\/li>\n\n\n\n<li>L&#8217;usuari t\u00e9 prohibida la reproducci\u00f3, transformaci\u00f3, distribuci\u00f3, comunicaci\u00f3 p\u00fablica i, en general, qualsevol altra forma d&#8217;explotaci\u00f3 dels elements referits a l&#8217;apartat anterior sense autoritzaci\u00f3 expressa de SHOW INDUSTRIAL.<\/li>\n\n\n\n<li>L&#8217;usuari s&#8217;abstindr\u00e0 de fer servir mitjans que puguin suprimir, alterar, eludir o manipular qualsevol dispositiu de protecci\u00f3 o sistemes de seguretat que puguin estar instal\u00b7lats i que comportin un risc o dany o inutilitzaci\u00f3 del lloc web i\/o els seus continguts.<\/li>\n\n\n\n<li>SHOW INDUSTRIAL no es responsabilitza del possible \u00fas inapropiat que tercers facin d&#8217;aquesta p\u00e0gina web, ni de la informaci\u00f3 que a trav\u00e9s d&#8217;aquesta transmetin a tercers. L&#8217;\u00fas dels continguts que pugui fer l&#8217;usuari i les conseq\u00fc\u00e8ncies eventuals, danys o perjudicis que se&#8217;n poguessin derivar, s\u00f3n de la responsabilitat exclusiva de l&#8217;usuari. SHOW INDUSTRIAL s&#8217;exclou pels danys i perjudicis de tota naturalesa causats als usuaris per l&#8217;\u00fas d&#8217;enlla\u00e7os (links), directoris i eines de cerca, que permeten als usuaris accedir a llocs web pertanyents i\/o gestionats per tercers aix\u00ed com de la pres\u00e8ncia de virus o altres codis maliciosos en els continguts que puguin produir qualsevol tipus de danys al sistema inform\u00e0tic, documents electr\u00f2nics o fitxers dels usuaris. SHOW INDUSTRIAL es reserva el dret d&#8217;exercitar les accions legals que consideri oportunes derivades de qualsevol \u00fas il\u00b7l\u00edcit per part de tercers dels continguts de la seva p\u00e0gina web.<\/li>\n<\/ol>\n\n\n\n<h2 class=\"wp-block-heading\"><strong>Exclusi\u00f3 de garanties i responsabilitat<\/strong><\/h2>\n\n\n\n<p>SHOW INDUSTRIAL no es fa responsable, en cap cas, dels danys i perjudicis de qualsevol naturalesa que poguessin ocasionar, a t\u00edtol enunciatiu: errors o omissions en els continguts, manca de disponibilitat del portal o la transmissi\u00f3 de virus o programes maliciosos o lesius en els continguts, tot i haver adoptat totes les mesures tecnol\u00f2giques necess\u00e0ries per evitar-ho.<\/p>\n\n\n\n<h2 class=\"wp-block-heading\"><strong>Modificacions<\/strong><\/h2>\n\n\n\n<p>SHOW INDUSTRIAL es reserva el dret d&#8217;efectuar sense previ av\u00eds les modificacions que consideri oportunes al seu portal, podent canviar, suprimir o afegir tant els continguts i serveis que es prestin a trav\u00e9s d&#8217;aquesta com la forma en qu\u00e8 aquests apareguin presentats o localitzats al vostre portal.<\/p>\n\n\n\n<h2 class=\"wp-block-heading\"><strong>Enlla\u00e7os<\/strong><\/h2>\n\n\n\n<p>En cas que en nom del domini es disposessin enlla\u00e7os o hipervincles cap a altres llocs d&#8217;Internet, SHOW INDUSTRIAL no exercir\u00e0 cap tipus de control sobre aquests llocs i continguts. En cap cas SHOW INDUSTRIAL assumir\u00e0 cap responsabilitat pels continguts d&#8217;algun enlla\u00e7 pertanyent a un lloc web ali\u00e8, ni garantir\u00e0 la disponibilitat t\u00e8cnica, qualitat, fiabilitat, exactitud, amplitud, veracitat, validesa i constitucionalitat de qualsevol material o informaci\u00f3 continguda en cap d&#8217;aquests. hipervincles o altres llocs dInternet. Igualment, la inclusi\u00f3 d&#8217;aquestes connexions externes no implicar\u00e0 cap tipus d&#8217;associaci\u00f3, fusi\u00f3 o participaci\u00f3 amb les entitats connectades.<\/p>\n\n\n\n<h2 class=\"wp-block-heading\"><strong>AltresEnlla\u00e7os<\/strong><\/h2>\n\n\n\n<p>SHOW INDUSTRIAL es reserva el dret de denegar o retirar l&#8217;acc\u00e9s a portal i\/o als serveis oferts sense necessitat de preav\u00eds, a inst\u00e0ncia pr\u00f2pia o d&#8217;un tercer, a aquells usuaris que incompleixin les Condicions Generals d&#8217;\u00das.<\/p>\n\n\n\n<h2 class=\"wp-block-heading\"><strong>Dret d&#8217;exclusi\u00f3<\/strong><\/h2>\n\n\n\n<p>SHOW INDUSTRIAL es reserva el dret de denegar o retirar l&#8217;acc\u00e9s a portal i\/o als serveis oferts sense necessitat de preav\u00eds, a inst\u00e0ncia pr\u00f2pia o d&#8217;un tercer, a aquells usuaris que incompleixin les Condicions Generals d&#8217;\u00das.<\/p>\n\n\n\n<h2 class=\"wp-block-heading\"><strong>Generalitats<\/strong><\/h2>\n\n\n\n<p>SHOW INDUSTRIAL perseguir\u00e0 l&#8217;incompliment de les condicions aix\u00ed com qualsevol utilitzaci\u00f3 indeguda del portal exercint totes les accions civils i penals que li puguin correspondre en dret.<\/p>\n\n\n\n<h2 class=\"wp-block-heading\"><strong>Modificaci\u00f3 de les presents condicions i durada<\/strong><\/h2>\n\n\n\n<p>SHOW INDUSTRIAL podr\u00e0 modificar en qualsevol moment les condicions aqu\u00ed determinades, sent degudament publicades com apareixen aqu\u00ed.<\/p>\n\n\n\n<h2 class=\"wp-block-heading\"><strong>Legislaci\u00f3 aplicable i jurisdicci\u00f3<\/strong><\/h2>\n\n\n\n<p>La relaci\u00f3 entre SHOW INDUSTRIAL i l&#8217;USUARI es regir\u00e0 per la normativa espanyola vigent i qualsevol controv\u00e8rsia se sotmetr\u00e0 als jutjats i tribunals espanyol<\/p>\n","protected":false},"excerpt":{"rendered":"<p>Dades identificatives En compliment amb el deure informaci\u00f3 recollit a l&#8217;article 10 de la Llei 34\/2002, d&#8217;11 de juliol, de Serveis de la Societat de la Informaci\u00f3, us informem: Usuaris L&#8217;acc\u00e9s i\/o \u00fas d&#8217;aquest portal atribueix la condici\u00f3 d&#8217;USUARI, que accepta, des d&#8217;aquest acc\u00e9s i\/o \u00fas, les Condicions Generals d&#8217;\u00fas reflectides aqu\u00ed. Les condicions esmentades &#8230; <a title=\"Av\u00eds Legal\" class=\"read-more\" href=\"https:\/\/showindustrial.com\/ca\/avis-legal\/\" aria-label=\"M\u00e9s informaci\u00f3 sobre Av\u00eds Legal\">Llegiu m\u00e9s<\/a><\/p>\n","protected":false},"author":1,"featured_media":0,"parent":0,"menu_order":0,"comment_status":"closed","ping_status":"closed","template":"","meta":{"footnotes":""},"_links":{"self":[{"href":"https:\/\/showindustrial.com\/ca\/wp-json\/wp\/v2\/pages\/18698"}],"collection":[{"href":"https:\/\/showindustrial.com\/ca\/wp-json\/wp\/v2\/pages"}],"about":[{"href":"https:\/\/showindustrial.com\/ca\/wp-json\/wp\/v2\/types\/page"}],"author":[{"embeddable":true,"href":"https:\/\/showindustrial.com\/ca\/wp-json\/wp\/v2\/users\/1"}],"replies":[{"embeddable":true,"href":"https:\/\/showindustrial.com\/ca\/wp-json\/wp\/v2\/comments?post=18698"}],"version-history":[{"count":2,"href":"https:\/\/showindustrial.com\/ca\/wp-json\/wp\/v2\/pages\/18698\/revisions"}],"predecessor-version":[{"id":18708,"href":"https:\/\/showindustrial.com\/ca\/wp-json\/wp\/v2\/pages\/18698\/revisions\/18708"}],"wp:attachment":[{"href":"https:\/\/showindustrial.com\/ca\/wp-json\/wp\/v2\/media?parent=18698"}],"curies":[{"name":"wp","href":"https:\/\/api.w.org\/{rel}","templated":true}]}}