{"id":18695,"date":"2024-02-11T23:52:52","date_gmt":"2024-02-11T22:52:52","guid":{"rendered":"https:\/\/showindustrial.com\/politica-de-cookies\/"},"modified":"2024-02-12T00:28:51","modified_gmt":"2024-02-11T23:28:51","slug":"politica-de-cookies","status":"publish","type":"page","link":"https:\/\/showindustrial.com\/ca\/politica-de-cookies\/","title":{"rendered":"Pol\u00edtica de Cookies"},"content":{"rendered":"\n<p>Si vols saber m\u00e9s sobre l&#8217;\u00fas de galetes que realitza aquest lloc web showindustrial.com<strong>,<\/strong> ets al lloc indicat. A continuaci\u00f3, explicarem qu\u00e8 s\u00f3n exactament les cookies; quin tipus de cookies utilitzem i per a qu\u00e8; i com pots exercir el teu dret per configurar el teu navegador i desestimar-ne l&#8217;\u00fas de qualsevol.<\/p>\n\n\n\n<p>Aix\u00f2 s\u00ed, has de saber, que si decideixes no utilitzar algunes galetes, aquest lloc web pot no funcionar perfectament, afectant la teva experi\u00e8ncia dusuari.<\/p>\n\n\n\n<h2 class=\"wp-block-heading\"><strong>Qu\u00e8 \u00e9s una galeta<\/strong><\/h2>\n\n\n\n<p>Una<em>galeta<\/em> \u00e9s un fitxer que es descarrega al teu ordinador en accedir a determinades p\u00e0gines web o blocs.<\/p>\n\n\n\n<p>Les<em>galetes<\/em> permeten a aquesta p\u00e0gina, entre altres coses, emmagatzemar i recuperar informaci\u00f3 sobre els teus h\u00e0bits de navegaci\u00f3 o del teu equip, i depenent de la informaci\u00f3 que continguin i de la manera com utilitzis el teu equip, es poden utilitzar per recon\u00e8ixer-te.<\/p>\n\n\n\n<p>El navegador de l&#8217;usuari memoritza cookies al disc dur nom\u00e9s durant la sessi\u00f3 actual ocupant un espai de mem\u00f2ria m\u00ednim i no perjudicant l&#8217;ordinador. Les galetes no contenen cap tipus d&#8217;informaci\u00f3 personal espec\u00edfica, i la majoria s&#8217;esborren del disc dur en finalitzar la sessi\u00f3 de navegador (les anomenades galetes de sessi\u00f3).<\/p>\n\n\n\n<p>La majoria dels navegadors accepten com a est\u00e0ndard les galetes i, amb independ\u00e8ncia de les mateixes, permeten o impedeixen en els ajustaments de seguretat les galetes temporals o memoritzades.<\/p>\n\n\n\n<p>Les galetes s&#8217;associen al navegador, no a la persona, per la qual cosa no solen emmagatzemar informaci\u00f3 sensible sobre tu com targetes de cr\u00e8dit o dades banc\u00e0ries, fotografies o informaci\u00f3 personal, etc. Les dades que guarden s\u00f3n de car\u00e0cter t\u00e8cnic, estad\u00edstiques, prefer\u00e8ncies personals, personalitzaci\u00f3 de continguts, etc.<\/p>\n\n\n\n<h2 class=\"wp-block-heading\"><strong>Acceptaci\u00f3 de les cookies: Normativa vigent<\/strong><\/h2>\n\n\n\n<p>En accedir a aquest lloc web, i d&#8217;acord amb la normativa vigent en mat\u00e8ria de protecci\u00f3 de dades, us informem de l&#8217;\u00fas de cookies, donant-vos l&#8217;opci\u00f3 d&#8217;acceptar-les expressament i d&#8217;accedir a m\u00e9s informaci\u00f3 a trav\u00e9s d&#8217;aquesta Pol\u00edtica de Cookies.<\/p>\n\n\n\n<p>Has de saber que, en cas de continuar navegant, estar\u00e0s prestant el teu consentiment per a l&#8217;\u00fas d&#8217;aquestes galetes. Per\u00f2, en qualsevol moment, podr\u00e0s canviar d&#8217;opini\u00f3 i bloquejar-ne la utilitzaci\u00f3 a trav\u00e9s del teu navegador.<\/p>\n\n\n\n<p>Per a la teva total tranquil\u00b7litat, aquest lloc web compleix amb all\u00f2 estipulat a la normativa vigent en relaci\u00f3 amb l&#8217;\u00fas de les cookies i les teves dades personals:<\/p>\n\n\n\n<p>El reglamento LSSI-CE (<strong>Llei de la societat de la informaci\u00f3 i del comer\u00e7 electr\u00f2nic<\/strong>)<\/p>\n\n\n\n<p>El<strong>GDPR<\/strong>(<strong>Reglament (UE) 2016\/679 del Parlament Europeu i del Consell de 27 d&#8217;abril del 2016 relatiu a la protecci\u00f3 de les persones f\u00edsiques<\/strong>), que unifica la regulaci\u00f3 del tractament de les dades personals als pa\u00efsos de la UE.<\/p>\n\n\n\n<p>Aquesta Pol\u00edtica de Cookies podria modificar-se en qualsevol moment per adaptar-se a novetats normatives o canvis en les nostres activitats, sent vigent la que en cada moment es trobe publicada a la web.<\/p>\n\n\n\n<h2 class=\"wp-block-heading\"><strong>Tipus de cookies<\/strong><\/h2>\n\n\n\n<p>Per poder oferir una millor experi\u00e8ncia d&#8217;usuari, obtenir dades anal\u00edtiques, emmagatzemar i recuperar informaci\u00f3 sobre els teus h\u00e0bits de navegaci\u00f3 o del teu equip i desenvolupar la seva activitat, aquest lloc web showindustrial.com utilitza cookies pr\u00f2pies i de tercers.<\/p>\n\n\n\n<p><strong>Quins tipus de galetes utilitza aquest lloc web?<\/strong><\/p>\n\n\n\n<ul>\n<li><strong>Cookies t\u00e8cniques<\/strong>: S\u00f3n aquelles que permeten a l&#8217;usuari la navegaci\u00f3 a trav\u00e9s d&#8217;una p\u00e0gina web, plataforma o aplicaci\u00f3 i la utilitzaci\u00f3 de les diferents opcions o serveis que hi hagi com, per exemple, controlar el tr\u00e0nsit i la comunicaci\u00f3 de dades, identificar la sessi\u00f3, accedir a parts d&#8217;acc\u00e9s restringit, fer una sol\u00b7licitud d&#8217;inscripci\u00f3 o participaci\u00f3 en un esdeveniment, utilitzar elements de seguretat durant la navegaci\u00f3, emmagatzemar continguts per a la difusi\u00f3 de v\u00eddeos o so o compartir continguts a trav\u00e9s de xarxes socials.<\/li>\n\n\n\n<li><strong>Cookies de personalitzaci\u00f3<\/strong>: S\u00f3n aquelles que permeten a l&#8217;usuari accedir al servei amb algunes caracter\u00edstiques de car\u00e0cter general predefinides en funci\u00f3 d&#8217;una s\u00e8rie de criteris al terminal de l&#8217;usuari com ara serien l&#8217;idioma, el tipus de navegador a trav\u00e9s del qual accedeix al servei, la configuraci\u00f3 regional des d&#8217;on accedeix al servei, etc.<\/li>\n\n\n\n<li><strong>Galetes d&#8217;an\u00e0lisi<\/strong>: S\u00f3n aquelles que ben tractades per nosaltres o per tercers, ens permeten quantificar el nombre d&#8217;usuaris i aix\u00ed realitzar el mesurament i l&#8217;an\u00e0lisi estad\u00edstica de la utilitzaci\u00f3 que fan els usuaris del servei ofert. Per aix\u00f2 s&#8217;analitza la vostra navegaci\u00f3 a la nostra p\u00e0gina web per tal de millorar l&#8217;oferta de productes o serveis que us oferim.<\/li>\n\n\n\n<li><strong>Galetes de tercers<\/strong>: Aquest web showindustrial.com pot utilitzar serveis de tercers que, per compte de Google, recopilaran informaci\u00f3 amb finalitats estad\u00edstiques, d&#8217;\u00fas del lloc per part de l&#8217;usuari i per a la prestaci\u00f3 d&#8217;altres serveis relacionats amb l&#8217;activitat del lloc web i altres serveis de Internet.<\/li>\n<\/ul>\n\n\n\n<p>En particular, aquest lloc web utilitza Google Analytics, un servei anal\u00edtic de web prestat per Google, Inc. amb domicili als Estats Units amb seu central el 1600 Amphitheatre Parkway, Mountain View, Calif\u00f2rnia 94043. Per a la prestaci\u00f3 d&#8217;aquests serveis, Google utilitza galetes que recopilen la informaci\u00f3, inclosa l&#8217;adre\u00e7a IP de l&#8217;usuari, que ser\u00e0 transmesa, tractada i emmagatzemada per Google en els termes fixats al web Google.com. Aix\u00f2 inclou la possible transmissi\u00f3 d&#8217;aquesta informaci\u00f3 a tercers per raons d&#8217;exig\u00e8ncia legal o quan aquests tercers processin la informaci\u00f3 per compte de Google.<\/p>\n\n\n\n<h2 class=\"wp-block-heading\"><strong>Gestionar i rebutjar l&#8217;\u00fas de galetes<\/strong><\/h2>\n\n\n\n<p>En qualsevol moment, podeu adaptar la configuraci\u00f3 del navegador per gestionar, desestimar l&#8217;\u00fas de cookies i ser notificat abans que es descarreguin.<\/p>\n\n\n\n<p>Tamb\u00e9 podeu adaptar la configuraci\u00f3 de manera que el navegador rebutgi totes les<em>galetes<\/em>, o \u00fanicament les<em>galetes<\/em> de tercers. I tamb\u00e9 pots eliminar qualsevol de les<em>galetes<\/em> que ja es trobin al teu equip.<\/p>\n\n\n\n<p>Per aix\u00f2, has de tenir en compte que haur\u00e0s d&#8217;adaptar per separat la configuraci\u00f3 de cada navegador i equip que utilitzis ja que, com hem comentat anteriorment, les cookies s&#8217;associen al navegador, no a la persona.<\/p>\n\n\n\n<p><strong>Google Chrome<\/strong><a href=\"https:\/\/support.google.com\/chrome\/answer\/95647?hl=es-419\" target=\"_blank\" rel=\"noopener\">https:\/\/support.google.com\/chrome\/answer\/95647?hl=es-419<\/a><\/p>\n\n\n\n<p><strong>Internet Explorer<\/strong><a href=\"https:\/\/support.microsoft.com\/es-es\/help\/17442\/windows-internet-explorer-delete-manage-cookies#ie=ie-10\" target=\"_blank\" rel=\"noopener\">https:\/\/support.microsoft.com\/es-es\/help\/17442\/windows-internet-explorer-delete-manage-cookies#ie=ie-10<\/a><\/p>\n\n\n\n<p><strong>Microsoft Edge<\/strong> <a href=\"https:\/\/support.microsoft.com\/es-es\/microsoft-edge\/eliminar-las-cookies-en-microsoft-edge-63947406-40ac-c3b8-57b9-2a946a29ae09\" target=\"_blank\" rel=\"noopener\">https:\/\/support.microsoft.com\/es-es\/microsoft-edge\/eliminar-las-cookies-en-microsoft-edge-63947406-40ac-c3b8-57b9-2a946a29ae09<\/a><\/p>\n\n\n\n<p><strong>Mozilla Firefox<\/strong><a href=\"https:\/\/support.mozilla.org\/es\/kb\/proteccion-antirrastreo-mejorada-en-firefox-para-e\" target=\"_blank\" rel=\"noopener\">https:\/\/support.mozilla.org\/es\/kb\/proteccion-antirrastreo-mejorada-en-firefox-para-e<\/a><\/p>\n\n\n\n<p><strong>Apple Safari<\/strong><a href=\"https:\/\/support.apple.com\/es-es\/HT201265\" target=\"_blank\" rel=\"noopener\">https:\/\/support.apple.com\/es-es\/HT201265<\/a><\/p>\n\n\n\n<p>Si tens qualsevol dubte sobre aquesta Pol\u00edtica de Cookies, pots contactar amb nosaltres enviant-nos un mail a show@showindustrial.com <\/p>\n","protected":false},"excerpt":{"rendered":"<p>Si vols saber m\u00e9s sobre l&#8217;\u00fas de galetes que realitza aquest lloc web showindustrial.com, ets al lloc indicat. A continuaci\u00f3, explicarem qu\u00e8 s\u00f3n exactament les cookies; quin tipus de cookies utilitzem i per a qu\u00e8; i com pots exercir el teu dret per configurar el teu navegador i desestimar-ne l&#8217;\u00fas de qualsevol. Aix\u00f2 s\u00ed, has &#8230; <a title=\"Pol\u00edtica de Cookies\" class=\"read-more\" href=\"https:\/\/showindustrial.com\/ca\/politica-de-cookies\/\" aria-label=\"M\u00e9s informaci\u00f3 sobre Pol\u00edtica de Cookies\">Llegiu m\u00e9s<\/a><\/p>\n","protected":false},"author":1,"featured_media":0,"parent":0,"menu_order":0,"comment_status":"closed","ping_status":"closed","template":"","meta":{"footnotes":""},"_links":{"self":[{"href":"https:\/\/showindustrial.com\/ca\/wp-json\/wp\/v2\/pages\/18695"}],"collection":[{"href":"https:\/\/showindustrial.com\/ca\/wp-json\/wp\/v2\/pages"}],"about":[{"href":"https:\/\/showindustrial.com\/ca\/wp-json\/wp\/v2\/types\/page"}],"author":[{"embeddable":true,"href":"https:\/\/showindustrial.com\/ca\/wp-json\/wp\/v2\/users\/1"}],"replies":[{"embeddable":true,"href":"https:\/\/showindustrial.com\/ca\/wp-json\/wp\/v2\/comments?post=18695"}],"version-history":[{"count":1,"href":"https:\/\/showindustrial.com\/ca\/wp-json\/wp\/v2\/pages\/18695\/revisions"}],"predecessor-version":[{"id":18709,"href":"https:\/\/showindustrial.com\/ca\/wp-json\/wp\/v2\/pages\/18695\/revisions\/18709"}],"wp:attachment":[{"href":"https:\/\/showindustrial.com\/ca\/wp-json\/wp\/v2\/media?parent=18695"}],"curies":[{"name":"wp","href":"https:\/\/api.w.org\/{rel}","templated":true}]}}